{"id":46,"date":"2020-02-10T13:31:50","date_gmt":"2020-02-10T13:31:50","guid":{"rendered":"https:\/\/hackemall.live\/?page_id=46"},"modified":"2020-05-05T14:57:58","modified_gmt":"2020-05-05T14:57:58","slug":"myawesomewebchallenge","status":"publish","type":"page","link":"https:\/\/hackemall.live\/index.php\/myawesomewebchallenge\/","title":{"rendered":"\ud83d\ude80 MAWC"},"content":{"rendered":"\n<p><em><span class=\"has-inline-color has-vivid-purple-color\">Cu\u1ed9c \u0111\u1eddi n\u00e0y c\u00f3 \u0111\u01b0\u1ee3c m\u1ea5y l\u1ea7n m\u01b0\u1eddi n\u0103m&#8230;<\/span><\/em><\/p>\n\n\n\n<div class=\"wp-block-image\"><figure class=\"aligncenter size-large is-resized\"><img loading=\"lazy\" decoding=\"async\" src=\"https:\/\/camo.githubusercontent.com\/b8ca75258375bfe11555e5c0ec4af57423552852\/68747470733a2f2f692e696d6775722e636f6d2f6178426a7778422e676966\" alt=\"\" width=\"146\" height=\"167\"\/><\/figure><\/div>\n\n\n\n<p><strong>MyAwesomeWebChallenge<\/strong> l\u00e0 m\u1ed9t project gi\u00e1o d\u1ee5c v\u1ec1 Web Hacking, nh\u01b0 c\u00e1c b\u1ea1n \u0111\u00e3 bi\u1ebft, Web Hacking kh\u00f4ng g\u00f3i g\u1ecdn trong XSS hay SQL Injection, Web Hacking l\u00e0 m\u1ed9t m\u00f4n ngh\u1ec7 thu\u1eadt m\u00e0 \u1edf \u0111\u00f3 b\u1ea1n ph\u1ea3i c\u00f3 m\u1ed9t s\u1ee9c s\u00e1ng t\u1ea1o v\u00f4 h\u1ea1n \u0111\u1ec3 k\u1ebft n\u1ed1i c\u00e1c ki\u1ec3u t\u1ea5n c\u00f4ng l\u1ea1i v\u1edbi nhau.<\/p>\n\n\n\n<p>\u0110\u1ebfn v\u1edbi <strong>MAWC <\/strong>c\u00e1c b\u1ea1n c\u00f3 th\u1ec3 luy\u1ec7n t\u1eadp c\u00e1c k\u0129 n\u0103ng hack web t\u1eeb si\u00eau d\u1ec5 cho \u0111\u1ebfn si\u00eau kh\u00f3, c\u00e1c th\u1eed th\u00e1ch trong project n\u00e0y \u0111\u1ec1u \u0111\u01b0\u1ee3c tr\u00edch t\u1eeb c\u00e1c cu\u1ed9c thi Capture The Flag c\u00f3 ti\u1ebfng \u1edf Vi\u1ec7t Nam c\u0169ng nh\u01b0 tr\u00ean th\u1ebf gi\u1edbi.<\/p>\n\n\n\n<p><\/p>\n\n\n\n<p><\/p>\n\n\n\n<blockquote class=\"wp-block-quote is-style-large\"><p><span class=\"has-inline-color has-vivid-green-cyan-color\">\ud83d\udc68\u200d\ud83d\udcbb <strong>B\u1eaft \u0111\u1ea7u t\u1eeb \u0111\u00e2u?<\/strong><\/span><\/p><\/blockquote>\n\n\n\n<p>\u0110\u1ec3 b\u1eaft \u0111\u1ea7u b\u1ea1n l\u00e0m theo h\u01b0\u1edbng d\u1eabn trong n\u00e0y nh\u00e9, ch\u1ee7 y\u1ebfu c\u00e0i \u0111\u1eb7t Docker, Clone project v\u1ec1, v\u00e0o th\u01b0 m\u1ee5c challenge v\u00e0 ch\u1ea1y l\u00e0 xong \ud83e\udd18\ud83c\udffc<\/p>\n\n\n\n<p><a href=\"https:\/\/github.com\/tsug0d\/MyAwesomeWebChallenge\/\">https:\/\/github.com\/tsug0d\/MyAwesomeWebChallenge\/<\/a><\/p>\n\n\n\n<p><\/p>\n\n\n\n<p><\/p>\n\n\n\n<blockquote class=\"wp-block-quote is-style-large\"><p>\ud83d\ude05 <strong><span class=\"has-inline-color has-pale-cyan-blue-color\">B\u00ed r\u1ed3i sao?<\/span><\/strong><\/p><\/blockquote>\n\n\n\n<p>Kh\u00f4ng sao c\u1ea3, \u0111\u1ed9i ng\u0169 \u1eb7c min chuy\u00ean nghi\u1ec7p \u0111\u00e3 lo t\u1eeb A t\u1edbi Z r\u1ed3i!<\/p>\n\n\n\n<p><a href=\"https:\/\/hackemall.live\/index.php\/category\/mawc\/\">https:\/\/hackemall.live\/index.php\/category\/mawc\/<\/a><\/p>\n\n\n\n<p><\/p>\n\n\n\n<p><\/p>\n\n\n\n<blockquote class=\"wp-block-quote is-style-large\"><p>\ud83d\ude47\ud83c\udffb\u200d\u2640\ufe0f <strong><span class=\"has-inline-color has-pale-pink-color\">T\u00ecm kh\u00f4ng ra b\u00e0i h\u01b0\u1edbng d\u1eabn \u1eb6c Min \u01a1ii!<\/span><\/strong><\/p><\/blockquote>\n\n\n\n<p>Kh\u00f4ng ra l\u00e0 t\u1ea1i v\u00ec \u1eb7c min ch\u01b0a l\u00e0m kip \u0111\u00f3, c\u00f3 request l\u00e0m c\u00e1i n\u00e0o th\u00ec mail v\u00e0o hackemall.live@gmail.com h\u1ed9 c\u00e1c \u1eb7c nh\u00e9 \ud83e\udd70!<\/p>\n\n\n\n<p><\/p>\n\n\n\n<p>Peace!<\/p>\n","protected":false},"excerpt":{"rendered":"<p>Cu\u1ed9c \u0111\u1eddi n\u00e0y c\u00f3 \u0111\u01b0\u1ee3c m\u1ea5y l\u1ea7n m\u01b0\u1eddi n\u0103m&#8230; MyAwesomeWebChallenge l\u00e0 m\u1ed9t project gi\u00e1o d\u1ee5c v\u1ec1 Web Hacking, nh\u01b0 c\u00e1c b\u1ea1n \u0111\u00e3 bi\u1ebft, Web Hacking kh\u00f4ng g\u00f3i g\u1ecdn trong XSS hay SQL Injection, Web Hacking l\u00e0 m\u1ed9t m\u00f4n ngh\u1ec7 thu\u1eadt m\u00e0 \u1edf \u0111\u00f3 b\u1ea1n ph\u1ea3i c\u00f3 m\u1ed9t s\u1ee9c s\u00e1ng t\u1ea1o v\u00f4 h\u1ea1n \u0111\u1ec3 k\u1ebft n\u1ed1i [&hellip;]<\/p>\n","protected":false},"author":1,"featured_media":0,"parent":0,"menu_order":0,"comment_status":"closed","ping_status":"closed","template":"","meta":{"footnotes":""},"_links":{"self":[{"href":"https:\/\/hackemall.live\/index.php\/wp-json\/wp\/v2\/pages\/46"}],"collection":[{"href":"https:\/\/hackemall.live\/index.php\/wp-json\/wp\/v2\/pages"}],"about":[{"href":"https:\/\/hackemall.live\/index.php\/wp-json\/wp\/v2\/types\/page"}],"author":[{"embeddable":true,"href":"https:\/\/hackemall.live\/index.php\/wp-json\/wp\/v2\/users\/1"}],"replies":[{"embeddable":true,"href":"https:\/\/hackemall.live\/index.php\/wp-json\/wp\/v2\/comments?post=46"}],"version-history":[{"count":13,"href":"https:\/\/hackemall.live\/index.php\/wp-json\/wp\/v2\/pages\/46\/revisions"}],"predecessor-version":[{"id":684,"href":"https:\/\/hackemall.live\/index.php\/wp-json\/wp\/v2\/pages\/46\/revisions\/684"}],"wp:attachment":[{"href":"https:\/\/hackemall.live\/index.php\/wp-json\/wp\/v2\/media?parent=46"}],"curies":[{"name":"wp","href":"https:\/\/api.w.org\/{rel}","templated":true}]}}