{"id":50,"date":"2020-02-10T13:32:55","date_gmt":"2020-02-10T13:32:55","guid":{"rendered":"https:\/\/hackemall.live\/?page_id=50"},"modified":"2020-09-13T13:46:46","modified_gmt":"2020-09-13T13:46:46","slug":"start-journey","status":"publish","type":"page","link":"https:\/\/hackemall.live\/index.php\/start-journey\/","title":{"rendered":"\ud83d\udd75\ufe0f Start Journey!"},"content":{"rendered":"\n<div class=\"wp-block-image\"><figure class=\"aligncenter size-large\"><img decoding=\"async\" src=\"https:\/\/i.imgur.com\/l3pycQA.gif\" alt=\"\"\/><\/figure><\/div>\n\n\n\n<div><center><iframe loading=\"lazy\" width=\"300\" height=\"60\" src=\"https:\/\/vocaroo.com\/embed\/644s5aXGemI\" frameborder=\"0\"><\/iframe><br><\/center><\/div>\n\n\n\n<p><\/p>\n\n\n\n<blockquote class=\"wp-block-quote is-style-large\"><p><strong><span class=\"has-inline-color has-vivid-cyan-blue-color\">Chapter 0x00: Hello hacking world!<\/span><\/strong><\/p><\/blockquote>\n\n\n\n<p><strong>*Bing bong&#8230;. Bingggg Bonggggg*<\/strong><\/p>\n\n\n\n<p>\u0110\u00f3 l\u00e0 v\u00e0o m\u1ed9t bu\u1ed5i chi\u1ec1u th\u00e1ng 7, Red, m\u1ed9t c\u1eadu trai tr\u1ebb v\u1edbi chi\u1ebfc m\u0169 l\u01b0\u1ee1i trai m\u00e0u \u0111\u1ecf \u0111ang c\u1ed1 g\u1eafng g\u00f5 c\u1eeda nh\u00e0 c\u1ee7a v\u1ecb gi\u00e1o s\u01b0 n\u1ed5i ti\u1ebfng trong v\u00f9ng&#8230;<\/p>\n\n\n\n<center>\n<button id=\"chapter_control\">Read more<\/button>\n<\/center>\n<script>\njQuery(\"#chapter_control\").click(function(){ jQuery(\"#chapter0\").fadeIn();jQuery(\"#chapter_control\").hide();});\n\n<\/script>\n<br>\n\n\n\n<div id=\"chapter0\" style=\"display:none\">\n\n\n\n<figure class=\"wp-block-image size-large is-resized\"><img loading=\"lazy\" decoding=\"async\" src=\"https:\/\/i.imgur.com\/6CJ7VSr.png\" alt=\"\" width=\"418\" height=\"301\"\/><\/figure>\n\n\n\n<p><strong><span class=\"has-inline-color has-vivid-red-color\">&#8220;Sao kh\u00f4ng c\u00f3 ai tr\u1ea3 l\u1eddi nh\u1ec9? Gi\u00e1o s\u01b0 \u01a1i, ch\u00e1u c\u00f3 chuy\u1ec7n mu\u1ed1n n\u00f3i!&#8221;<\/span><\/strong><\/p>\n\n\n\n<p>Kh\u00f4ng gian v\u1eabn l\u1eb7ng im nh\u01b0 v\u1eady, \u0111\u00e2y \u0111\u00e3 l\u00e0 l\u1ea7n th\u1ee9 3 c\u1eadu \u0111\u1ebfn n\u01a1i n\u00e0y r\u1ed3i, v\u00e0 c\u1eadu c\u0169ng ch\u01b0a l\u1ea7n n\u00e0o g\u1eb7p \u0111\u01b0\u1ee3c gi\u00e1o s\u01b0 c\u1ea3.<\/p>\n\n\n\n<p><strong><span class=\"has-inline-color has-vivid-red-color\">&#8220;Ch\u1ea3 l\u1ebd m\u00ecnh l\u1ea1i ra v\u1ec1 tay kh\u00f4ng n\u1eefa sao?&#8221;<\/span><\/strong><\/p>\n\n\n\n<p>Red th\u1edf d\u00e0i \u0111o\u1ea1n t\u1ef1a l\u01b0ng v\u00e0o c\u00e1nh c\u1eeda, c\u1eadu tr\u00f4ng c\u00f3 v\u1ebb r\u1ea5t th\u1ea5t v\u1ecdng, gi\u1ea5c m\u01a1 tr\u1edf th\u00e0nh m\u1ed9t th\u1ee9 g\u00ec \u0111\u00f3 l\u1edbn lao c\u1ee9 th\u1ebf nh\u1ea1t d\u1ea7n, trong \u0111\u1ea7u c\u1eadu b\u00e2y gi\u1edd tr\u00e0n ng\u1eadp \u00fd ngh\u0129 t\u1eeb b\u1ecf.<\/p>\n\n\n\n<p><strong><span class=\"has-inline-color has-vivid-red-color\">&#8220;KH\u00d4NG! h\u00f4m nay, ch\u1ec9 h\u00f4m nay th\u00f4i, m\u00ecnh ph\u1ea3i g\u1eb7p \u0111\u01b0\u1ee3c gi\u00e1o s\u01b0 th\u00ec m\u1edbi v\u1ec1&#8221;<\/span><\/strong> &#8211; Red t\u1ef1 an \u1ee7i.<\/p>\n\n\n\n<p>Tr\u1eddi b\u00e2y gi\u1edd \u0111\u00e3 t\u1edd m\u1edd t\u1ed1i, \u00e1nh \u0111\u00e8n tr\u00ean cao \u0111\u00e3 th\u1eafp s\u00e1ng c\u1ea3 \u0111o\u1ea1n \u0111\u01b0\u1eddng, c\u1eadu \u0111\u00e3 ch\u1edd h\u01a1n 6 ti\u1ebfng r\u1ed3i, l\u00fd tr\u00ed c\u1eadu mu\u1ed1n t\u1eeb b\u1ecf, nh\u01b0ng con tim c\u1eadu kh\u00f4ng cho ph\u00e9p, c\u1eadu mu\u1ed1n tr\u1edf th\u00e0nh m\u1ed9t hacker \u0111\u1ea1i t\u00e0i, c\u1eadu quy\u1ebft t\u00e2m v\u00ec \u0111i\u1ec1u \u0111\u00f3! B\u1ed7ng<strong> *K\u00e9ttttt*<\/strong>, c\u00e1nh c\u1eeda nh\u00e0 gi\u00e1o s\u01b0 m\u1edf ra<\/p>\n\n\n\n<p><strong><span class=\"has-inline-color has-vivid-green-cyan-color\">&#8220;\u1ed2! ch\u00e0o c\u1eadu trai tr\u1ebb, c\u1eadu \u0111\u1ebfn \u0111\u00e2y l\u00e0m g\u00ec v\u1eady?&#8221;<\/span><\/strong><\/p>\n\n\n\n<p>Tr\u01b0\u1edbc m\u1eb7t Red l\u00e0 m\u1ed9t ng\u01b0\u1eddi \u0111\u00e0n \u00f4ng trung ni\u00ean v\u1edbi m\u00e1i t\u00f3c b\u1ea1c tr\u1eafng, \u00f4ng ch\u1eadm r\u00e3i.<\/p>\n\n\n\n<p><strong><span class=\"has-inline-color has-vivid-red-color\">&#8220;Gi\u00e1o s\u01b0&#8230; gi\u00e1o s\u01b0 \u1edf nh\u00e0 sao l\u1ea1i kh\u00f4ng m\u1edf c\u1eeda cho ch\u00e1u?&#8221;<\/span><\/strong><\/p>\n\n\n\n<p><strong><span class=\"has-inline-color has-vivid-green-cyan-color\">&#8220;Hahaha, ta bi\u1ebft m\u1ee5c \u0111\u00edch v\u00ec sao c\u1eadu \u0111\u1ebfn \u0111\u00e2y, ta ch\u1ec9 th\u1eed th\u00e1ch c\u1eadu xem c\u1eadu ki\u00ean tr\u00ec \u0111\u1ebfn \u0111\u00e2u&#8221;<\/span><\/strong><\/p>\n\n\n\n<p><strong><span class=\"has-inline-color has-vivid-red-color\">&#8220;D\u1ea1?&#8221;<\/span><\/strong><\/p>\n\n\n\n<p><strong><span class=\"has-inline-color has-vivid-green-cyan-color\">&#8220;\u0110\u1ec3 \u0111i \u0111\u01b0\u1ee3c tr\u00ean con \u0111\u01b0\u1eddng n\u00e0y ki\u00ean tr\u00ec l\u00e0 m\u1ed9t \u0111\u1ee9c t\u00ednh c\u1ea7n thi\u1ebft&#8221;<\/span><\/strong><\/p>\n\n\n\n<figure class=\"wp-block-image size-large\"><img decoding=\"async\" src=\"https:\/\/i.imgur.com\/BrRqOBO.png\" alt=\"\"\/><\/figure>\n\n\n\n<p><strong><span class=\"has-inline-color has-vivid-green-cyan-color\"> &#8220;\u0110\u01b0\u1ee3c r\u1ed3i, nh\u00ecn qua \u0111\u00e2y n\u00e0o, ch\u00e1u c\u00f3 th\u1ea5y nh\u1eefng qu\u1ea3 c\u1ea7u tr\u00f2n tr\u00f2n kia kh\u00f4ng?&#8221;<\/span><\/strong><\/p>\n\n\n\n<p>Red nh\u00ecn theo h\u01b0\u1edbng gi\u00e1o s\u01b0 ch\u1ec9, tr\u01b0\u1edbc m\u1eb7t c\u1eadu l\u00e0 c\u00e1c v\u1eadt th\u1ec3 h\u00ecnh c\u1ea7u, b\u00ean trong c\u00f3 nh\u1eefng \u0111o\u1ea1n m\u00e3 k\u00ec l\u1ea1<\/p>\n\n\n\n<p><strong><span class=\"has-inline-color has-vivid-red-color\">&#8220;Woa wowww&#8230;. m\u00ecnh ch\u01b0a th\u1ea5y n\u01a1i n\u00e0o nhi\u1ec1u bug \u0111\u1ebfn v\u1eady&#8221;<\/span><\/strong><\/p>\n\n\n\n<p>C\u1eadu ng\u1ea1c nhi\u00ean, c\u0169ng ph\u1ea3i th\u00f4i, v\u1edbi m\u1ed9t ng\u01b0\u1eddi ch\u00e2n \u01b0\u1edbt ch\u00e2n r\u00e1o b\u01b0\u1edbc v\u00e0o, ai c\u0169ng s\u1ebd b\u1ecb cho\u00e1ng ng\u1ee3p, v\u00e0 d\u01b0\u1eddng nh\u01b0 c\u00f3 m\u1ed9t th\u1ee9 g\u00ec \u0111\u00f3 c\u1ef1c k\u00ec h\u1ea5p d\u1eabn thu h\u00fat Red.<\/p>\n\n\n\n<p><strong><span class=\"has-inline-color has-vivid-red-color\">&#8220;0-day \u00e0?&#8221;<\/span><\/strong><\/p>\n\n\n\n<figure class=\"wp-block-image size-large\"><img decoding=\"async\" src=\"https:\/\/i.imgur.com\/L6lwPnz.png\" alt=\"\"\/><\/figure>\n\n\n\n<p><strong><span class=\"has-inline-color has-vivid-green-cyan-color\">&#8220;Hi\u1ec7n t\u1ea1i th\u00ec ch\u00e1u ch\u01b0a th\u1ec3 t\u00ecm \u0111\u01b0\u1ee3c nh\u1eefng th\u1ee9 nh\u01b0 v\u1eady \u0111\u00e2u&#8221;<\/span><\/strong><\/p>\n\n\n\n<p><span class=\"has-inline-color has-vivid-red-color\"><strong>&#8220;Gi\u00e1o s\u01b0&#8230; gi\u00e1o s\u01b0 ch\u1ec9 ch\u00e1u c\u00e1ch ki\u1ebfm bug \u0111i \u1ea1&#8221;<\/strong><\/span><\/p>\n\n\n\n<p><strong><span class=\"has-inline-color has-vivid-green-cyan-color\">&#8220;Hahaha, ta c\u0169ng ch\u1ec9 l\u00e0 m\u1ed9t l\u00e3o gi\u00e0 l\u1ea9m c\u1ea9m th\u00f4i&#8221;<\/span><\/strong><\/p>\n\n\n\n<p><strong><span class=\"has-inline-color has-vivid-green-cyan-color\">&#8220;\u0110\u00e2y l\u00e0 th\u1eed th\u00e1ch, m\u1ed7i ng\u01b0\u1eddi ph\u1ea3i t\u1ef1 t\u00ecm ra l\u1eddi gi\u1ea3i, ta kh\u00f4ng th\u1ec3 ch\u1ec9 ch\u00e1u \u0111\u01b0\u1ee3c, tuy nhi\u00ean, ta c\u00f3 th\u1ec3 cho ch\u00e1u th\u1ea5y con \u0111\u01b0\u1eddng&#8230;&#8221;<\/span><\/strong><\/p>\n\n\n\n<p><strong><span class=\"has-inline-color has-vivid-green-cyan-color\">&#8220;Ch\u00e1u t\u00ean g\u00ec?&#8221;<\/span><\/strong><\/p>\n\n\n\n<figure class=\"wp-block-image size-large\"><img decoding=\"async\" src=\"https:\/\/i.imgur.com\/7HmZVYL.png\" alt=\"\"\/><\/figure>\n\n\n\n<\/div>\n\n\n\n<p><\/p>\n\n\n\n<blockquote class=\"wp-block-quote is-style-large\"><p><span class=\"has-inline-color has-vivid-cyan-blue-color\"><strong>Chapter 0x01: HackerDEX<\/strong><\/span><\/p><\/blockquote>\n\n\n\n<p>Tr\u00ean tay c\u1eadu l\u00e0 m\u1ed9t quy\u1ec3n <strong>HackerDEX<\/strong> th\u1ef1c th\u1ee5, t\u01b0\u01a1ng truy\u1ec1n r\u1eb1ng nh\u1eefng Hacker c\u00f3 trong tay<strong> HackerDEX <\/strong>s\u1ebd ti\u1ebfn r\u1ea5t nhanh v\u00e0 r\u1ea5t xa<\/p>\n\n\n\n<p><strong><span class=\"has-inline-color has-vivid-red-color\">&#8220;Th\u1ee9 n\u00e0y th\u1eadt s\u1ef1 qu\u00e1 s\u1ee9c t\u01b0\u1edfng t\u01b0\u1ee3ng, th\u1eadt kh\u00f4ng th\u1ec3 tin n\u1ed5i&#8221;<\/span><\/strong> &#8211; Red th\u1ed1t l\u00ean<\/p>\n\n\n\n<p>C\u00f3 v\u1ebb c\u1eadu kh\u00f4ng th\u1ec3 ch\u1edd \u0111\u1ec3 m\u1edf <strong>HackerDEX<\/strong> ra \u0111\u01b0\u1ee3c n\u1eefa r\u1ed3i!<\/p>\n\n\n\n<p><\/p>\n\n\n\n<center>\n<button id=\"open_h\" class=\"custom_button\">Open HackerDEX<\/button>\n<button id=\"close_h\" class=\"custom_button\" style=\"display:none\">Close HackerDEX<\/button>\n<\/center>\n<script>\njQuery(\"#open_h\").click(function(){\n  jQuery(\"#hackerdex_unopen\").attr(\"src\",\"https:\/\/i.imgur.com\/CX7Ijs3.gif\");\n  setTimeout(function(){ jQuery(\"#hackerdex_unopen\").fadeOut(); }, 2000);\n  setTimeout(function(){ jQuery(\"#roadmap\").fadeIn(); },3000);\n  jQuery(\"div#roadmap\").css(\"background-color\",\"red\");\n  jQuery(\"div#roadmap\").css(\"border\",\"double\");\n  jQuery(\"div#inside_roadmap\").css(\"width\",\"80%\");\n  jQuery(\"div#inside_roadmap\").css(\"background-color\",\"white\");\n  jQuery(\"div#inside_roadmap\").css(\"padding-top\",\"10%\");\n  jQuery(\"div#inside_roadmap\").css(\"border\",\"solid\");\n  jQuery(\"div#inside_roadmap\").css(\"padding-bottom\",\"10%\");\n  jQuery(\"div#roadmap\").css(\"padding-bottom\",\"10%\");\n  jQuery(\"div#roadmap\").css(\"border-radius\",\"25px\");\n\n  setTimeout(function()\n  { \n     jQuery(\"#open_h\").hide();\n     jQuery(\"#close_h\").fadeIn();\n  },3000);\n});\n\njQuery(\"#close_h\").click(function(){\nalert(\"T\u1ea1m bi\u1ec7t g\u1ea5u misa nh\u00e9....\");\nvar r = confirm(\"C\u00f3 mu\u1ed1n \u0111i phi\u00eau l\u01b0u h\u00f4ng?\");\nif (r == true) {\n  alert(\"ok lets go!\");\n  window.location=\"http:\/\/hackertyper.com\/\";\n} else {\n  var r2 = confirm(\"z\u1ecb hoy like fanpage \u1ee7ng h\u1ed9 nha\");\n  if (r2 == true) {\n      window.location=\"https:\/\/www.facebook.com\/hackemall.live\/\";\n  } else {\n      alert(\"z\u1ecb hoy, \u0111\u00f3ng hackerDex l\u1ea1i \u0111\u00e2y...\");\n      document.location.reload(true);\n  };\n};\n\n})\n\n<\/script>\n\n\n\n<center><img decoding=\"async\" src=\"https:\/\/i.imgur.com\/oM1qB17.gif\" id=\"hackerdex_unopen\"><\/center>\n\n\n\n<p class=\"has-text-align-center\"><\/p>\n\n\n\n<br>\n\n\n\n<center>\n\n\n\n<div id=\"roadmap\" style=\"display:none\">\n\n\n\n<figure class=\"wp-block-image size-large\"><img decoding=\"async\" src=\"https:\/\/i.imgur.com\/SFgPT09.png\" alt=\"\"\/><\/figure>\n\n\n\n<div id=\"inside_roadmap\">\n\n\n\n<figure class=\"wp-block-image size-large is-resized\"><img loading=\"lazy\" decoding=\"async\" src=\"https:\/\/i.imgur.com\/a9YjEfq.png\" alt=\"\" width=\"569\" height=\"57\"\/><\/figure>\n\n\n\n<div class=\"wp-block-columns is-layout-flex wp-container-core-columns-layout-1 wp-block-columns-is-layout-flex\">\n<div class=\"wp-block-column is-layout-flow wp-block-column-is-layout-flow\">\n<center>\n<a id=\"web_road\" href=\"https:\/\/hackemall.live\/index.php\/2020\/04\/26\/web-application-security-roadmap\/;\" target=\"_blank\" rel=\"noopener noreferrer\">\n<img decoding=\"async\" id=\"web_road_image\" src=\"https:\/\/i.imgur.com\/IIr2J1y.png\" width=\"50%\" height=\"50%\">\n<\/a>\n<\/center>\n<\/div>\n\n\n\n<div class=\"wp-block-column is-layout-flow wp-block-column-is-layout-flow\">\n<center>\n<a id=\"pwn_road\" href=\"https:\/\/hackemall.live\/index.php\/2020\/05\/02\/pwnable-roadmap\/\" target=\"_blank\" rel=\"noopener noreferrer\">\n<img decoding=\"async\" id=\"pwn_road_image\" src=\"https:\/\/i.imgur.com\/59aKHJk.png\" width=\"50%\" height=\"50%\">\n<\/a>\n<\/center>\n<\/div>\n<\/div>\n\n\n\n<div class=\"wp-block-columns is-layout-flex wp-container-core-columns-layout-2 wp-block-columns-is-layout-flex\">\n<div class=\"wp-block-column is-layout-flow wp-block-column-is-layout-flow\">\n<p>(Locked \ud83d\udd12) CRYPTO<\/p>\n<\/div>\n\n\n\n<div class=\"wp-block-column is-layout-flow wp-block-column-is-layout-flow\">\n<center>\n<a id=\"re_road\" href=\"https:\/\/hackemall.live\/index.php\/2020\/05\/01\/reverse-engineering-roadmap\/\" target=\"_blank\" rel=\"noopener noreferrer\">\n<img decoding=\"async\" id=\"re_road_image\" src=\"https:\/\/i.imgur.com\/WSXBQgS.png\" width=\"50%\" height=\"50%\">\n<\/a>\n<\/center>\n<\/div>\n<\/div>\n\n\n\n<figure class=\"wp-block-image size-large is-resized\"><img loading=\"lazy\" decoding=\"async\" src=\"https:\/\/i.imgur.com\/IDKTtRW.png\" alt=\"\" width=\"571\" height=\"58\"\/><\/figure>\n\n\n\n<div class=\"wp-block-columns is-layout-flex wp-container-core-columns-layout-3 wp-block-columns-is-layout-flex\">\n<div class=\"wp-block-column is-layout-flow wp-block-column-is-layout-flow\">\n<center>\n<a id=\"pentester_road\" href=\"https:\/\/hackemall.live\/index.php\/2020\/08\/08\/pentester-roadmap\/\" target=\"_blank\" rel=\"noopener noreferrer\">\n<img decoding=\"async\" id=\"pentester_road_image\" src=\"https:\/\/i.imgur.com\/jc5dNbS.png\" width=\"50%\" height=\"50%\">\n<\/a>\n<\/center>\n<\/div>\n\n\n\n<div class=\"wp-block-column is-layout-flow wp-block-column-is-layout-flow\">\n<p>(Locked \ud83d\udd12) Researcher<\/p>\n<\/div>\n<\/div>\n\n\n\n<div class=\"wp-block-columns is-layout-flex wp-container-core-columns-layout-4 wp-block-columns-is-layout-flex\">\n<div class=\"wp-block-column is-layout-flow wp-block-column-is-layout-flow\">\n<p>(Locked \ud83d\udd12) Bugbounty Hunter<\/p>\n<\/div>\n\n\n\n<div class=\"wp-block-column is-layout-flow wp-block-column-is-layout-flow\"><\/div>\n<\/div>\n\n\n\n<figure class=\"wp-block-image size-large is-resized\"><img loading=\"lazy\" decoding=\"async\" src=\"https:\/\/i.imgur.com\/MdaGexB.png\" alt=\"\" width=\"571\" height=\"58\"\/><\/figure>\n\n\n\n<div class=\"wp-block-columns is-layout-flex wp-container-core-columns-layout-5 wp-block-columns-is-layout-flex\">\n<div class=\"wp-block-column is-layout-flow wp-block-column-is-layout-flow\">\n<center>\n<a id=\"malware_road\" href=\"https:\/\/hackemall.live\/index.php\/2020\/05\/22\/malware-analyst-roadmap\/\" target=\"_blank\" rel=\"noopener noreferrer\">\n<img decoding=\"async\" id=\"malware_road_image\" src=\"https:\/\/i.imgur.com\/A5SphCf.png\" width=\"50%\" height=\"50%\">\n<\/a>\n<\/center>\n<\/div>\n\n\n\n<div class=\"wp-block-column is-layout-flow wp-block-column-is-layout-flow\">\n<center>\n<a id=\"siem_road\" href=\"https:\/\/hackemall.live\/index.php\/2020\/09\/07\/siem-roadmap\/\" target=\"_blank\" rel=\"noopener noreferrer\">\n<img decoding=\"async\" id=\"siem_road_image\" src=\"https:\/\/i.imgur.com\/sTLGF68.png\" width=\"50%\" height=\"50%\">\n<\/a>\n<\/center>\n<\/div>\n<\/div>\n\n\n\n<div class=\"wp-block-columns is-layout-flex wp-container-core-columns-layout-6 wp-block-columns-is-layout-flex\">\n<div class=\"wp-block-column is-layout-flow wp-block-column-is-layout-flow\">\n<p>(Locked \ud83d\udd12) Forensic Response<\/p>\n<\/div>\n\n\n\n<div class=\"wp-block-column is-layout-flow wp-block-column-is-layout-flow\">\n<p>(Locked \ud83d\udd12) IPS Analyst<\/p>\n<\/div>\n<\/div>\n\n\n\n<figure class=\"wp-block-image size-large is-resized\"><img loading=\"lazy\" decoding=\"async\" src=\"https:\/\/i.imgur.com\/1h6wikL.png\" alt=\"\" width=\"572\" height=\"57\"\/><\/figure>\n\n\n\n<div class=\"wp-block-columns is-layout-flex wp-container-core-columns-layout-7 wp-block-columns-is-layout-flex\">\n<div class=\"wp-block-column is-layout-flow wp-block-column-is-layout-flow\">\n<p>(Locked \ud83d\udd12) Security Developer<\/p>\n<\/div>\n\n\n\n<div class=\"wp-block-column is-layout-flow wp-block-column-is-layout-flow\">\n<p>(Locked \ud83d\udd12) Security Architecture<\/p>\n<\/div>\n<\/div>\n\n\n\n<\/div>\n\n\n\n<\/div>\n\n\n\n<\/center>\n\n\n\n<p><strong><span class=\"has-inline-color has-vivid-red-color\">&#8220;Th\u00ec ra \u0111\u00e2y l\u00e0 con \u0111\u01b0\u1eddng gi\u00e1o s\u01b0 n\u00f3i v\u1edbi ch\u00e1u&#8230; ch\u00e1u c\u1ea3m \u01a1n \u1ea1&#8221;<\/span><\/strong><\/p>\n\n\n\n<p><strong><span class=\"has-inline-color has-vivid-green-cyan-color\">&#8220;Red, h\u00e0nh tr\u00ecnh c\u1ee7a ch\u00e1u b\u00e2y gi\u1edd m\u1edbi b\u1eaft \u0111\u1ea7u!&#8221;<\/span><\/strong><\/p>\n\n\n\n<script>\njQuery(\"#web_road\").mouseover(function(){\n    jQuery(\"#web_road_image\").attr(\"src\",\"https:\/\/i.imgur.com\/7IO38RM.png\");\n});\njQuery(\"#web_road\").mouseout(function(){\n    jQuery(\"#web_road_image\").attr(\"src\",\"https:\/\/i.imgur.com\/IIr2J1y.png\");\n});\n\njQuery(\"#re_road\").mouseover(function(){\n    jQuery(\"#re_road_image\").attr(\"src\",\"https:\/\/i.imgur.com\/10vwrGx.png\");\n});\njQuery(\"#re_road\").mouseout(function(){\n    jQuery(\"#re_road_image\").attr(\"src\",\"https:\/\/i.imgur.com\/WSXBQgS.png\");\n});\n\njQuery(\"#pwn_road\").mouseover(function(){\n    jQuery(\"#pwn_road_image\").attr(\"src\",\"https:\/\/i.imgur.com\/OacgoKK.png\");\n});\njQuery(\"#pwn_road\").mouseout(function(){\n    jQuery(\"#pwn_road_image\").attr(\"src\",\"https:\/\/i.imgur.com\/59aKHJk.png\");\n});\n\njQuery(\"#malware_road\").mouseover(function(){\n    jQuery(\"#malware_road_image\").attr(\"src\",\"https:\/\/i.imgur.com\/11yGgXA.png\");\n});\njQuery(\"#malware_road\").mouseout(function(){\n    jQuery(\"#malware_road_image\").attr(\"src\",\"https:\/\/i.imgur.com\/A5SphCf.png\");\n});\n\njQuery(\"#pentester_road\").mouseover(function(){\n    jQuery(\"#pentester_road_image\").attr(\"src\",\"https:\/\/i.imgur.com\/J19fs8E.png\");\n});\njQuery(\"#pentester_road\").mouseout(function(){\n    jQuery(\"#pentester_road_image\").attr(\"src\",\"https:\/\/i.imgur.com\/jc5dNbS.png\");\n});\n\n\njQuery(\"#siem_road\").mouseover(function(){\n    jQuery(\"#siem_road_image\").attr(\"src\",\"https:\/\/i.imgur.com\/bXXmZi1.png\");\n});\njQuery(\"#siem_road\").mouseout(function(){\n    jQuery(\"#siem_road_image\").attr(\"src\",\"https:\/\/i.imgur.com\/sTLGF68.png\");\n});\n<\/script>\n\n\n\n<p class=\"has-text-align-center\">-Fin-<\/p>\n","protected":false},"excerpt":{"rendered":"<p>Chapter 0x00: Hello hacking world! *Bing bong&#8230;. Bingggg Bonggggg* \u0110\u00f3 l\u00e0 v\u00e0o m\u1ed9t bu\u1ed5i chi\u1ec1u th\u00e1ng 7, Red, m\u1ed9t c\u1eadu trai tr\u1ebb v\u1edbi chi\u1ebfc m\u0169 l\u01b0\u1ee1i trai m\u00e0u \u0111\u1ecf \u0111ang c\u1ed1 g\u1eafng g\u00f5 c\u1eeda nh\u00e0 c\u1ee7a v\u1ecb gi\u00e1o s\u01b0 n\u1ed5i ti\u1ebfng trong v\u00f9ng&#8230; Read more &#8220;Sao kh\u00f4ng c\u00f3 ai tr\u1ea3 l\u1eddi nh\u1ec9? Gi\u00e1o s\u01b0 \u01a1i, [&hellip;]<\/p>\n","protected":false},"author":1,"featured_media":0,"parent":0,"menu_order":0,"comment_status":"closed","ping_status":"closed","template":"","meta":{"footnotes":""},"_links":{"self":[{"href":"https:\/\/hackemall.live\/index.php\/wp-json\/wp\/v2\/pages\/50"}],"collection":[{"href":"https:\/\/hackemall.live\/index.php\/wp-json\/wp\/v2\/pages"}],"about":[{"href":"https:\/\/hackemall.live\/index.php\/wp-json\/wp\/v2\/types\/page"}],"author":[{"embeddable":true,"href":"https:\/\/hackemall.live\/index.php\/wp-json\/wp\/v2\/users\/1"}],"replies":[{"embeddable":true,"href":"https:\/\/hackemall.live\/index.php\/wp-json\/wp\/v2\/comments?post=50"}],"version-history":[{"count":105,"href":"https:\/\/hackemall.live\/index.php\/wp-json\/wp\/v2\/pages\/50\/revisions"}],"predecessor-version":[{"id":924,"href":"https:\/\/hackemall.live\/index.php\/wp-json\/wp\/v2\/pages\/50\/revisions\/924"}],"wp:attachment":[{"href":"https:\/\/hackemall.live\/index.php\/wp-json\/wp\/v2\/media?parent=50"}],"curies":[{"name":"wp","href":"https:\/\/api.w.org\/{rel}","templated":true}]}}