{"id":676,"date":"2020-05-05T14:54:24","date_gmt":"2020-05-05T14:54:24","guid":{"rendered":"https:\/\/hackemall.live\/?page_id=676"},"modified":"2020-05-05T15:54:46","modified_gmt":"2020-05-05T15:54:46","slug":"achievement","status":"publish","type":"page","link":"https:\/\/hackemall.live\/index.php\/achievement\/","title":{"rendered":"\ud83e\udd16 Achievement"},"content":{"rendered":"\n<p>Hello c\u00e1c b\u1ea1n, \u0111\u00e2y l\u00e0 1 tab m\u1edbi s\u1ebd release trong t\u01b0\u01a1ng lai ch\u1ee9 b\u00e2y gi\u1edd ch\u01b0a c\u00f3 \u0111\u00e2u :3, C\u00e1m \u01a1n c\u00e1c b\u1ea1n \u0111\u00e3 quan t\u00e2m m\u1eb7c d\u00f9 b\u1ecdn m\u00ecnh kh\u00f4ng qu\u1ea3ng c\u00e1o =]]<\/p>\n\n\n\n<p><\/p>\n\n\n\n<div class=\"wp-block-columns is-layout-flex wp-container-core-columns-layout-1 wp-block-columns-is-layout-flex\">\n<div class=\"wp-block-column is-layout-flow wp-block-column-is-layout-flow\">\n<div id=\"achi1\">\nh\u00e0ng v\u1ec1 1\n<\/div><br>\n\n\n\n<div id=\"achi4\">\nh\u00e0ng v\u1ec1 4\n<\/div>\n<\/div>\n\n\n\n<div class=\"wp-block-column is-layout-flow wp-block-column-is-layout-flow\">\n<div id=\"achi2\">\nh\u00e0ng v\u1ec1 2\n<\/div><br>\n\n\n\n<div id=\"achi5\">\nh\u00e0ng v\u1ec1 5\n<\/div>\n<\/div>\n\n\n\n<div class=\"wp-block-column is-layout-flow wp-block-column-is-layout-flow\">\n<div id=\"achi3\">\nh\u00e0ng v\u1ec1 3\n<\/div><br>\n\n\n\n<div id=\"achi6\">\nh\u00e0ng v\u1ec1 6\n<\/div>\n<\/div>\n<\/div>\n\n\n\n<script>\nvar i;\nfor (i = 0; i < 7; i++) {\n  jQuery(\"#achi\"+i.toString()).css(\"border\", \"dotted\");\n  jQuery(\"#achi\"+i.toString()).css(\"width\",\"100%\");\n  jQuery(\"#achi\"+i.toString()).css(\"height\",\"100%\");\n  jQuery(\"#achi\"+i.toString()).css(\"background-color\",\"white\");\n}\n\njQuery(\".pinbin-copy\").css(\"background-image\",\"url(https:\/\/fc01.deviantart.net\/fs71\/f\/2012\/100\/c\/b\/pikachu___quick_attack___animation__by_2d75-d4vn4cb.gif)\");\n\njQuery(\".pinbin-copy\").css(\"background-size\",\"100% 100%\");\n<\/script>\n\n\n\n<p><\/p>\n\n\n\n<p><\/p>\n\n\n\n<p><\/p>\n\n\n\n<p><\/p>\n\n\n\n<p><\/p>\n\n\n\n<p><\/p>\n\n\n\n<p><\/p>\n\n\n\n<p><\/p>\n\n\n\n<p><\/p>\n\n\n\n<p><\/p>\n\n\n\n<p><\/p>\n\n\n\n<p><\/p>\n\n\n\n<p><\/p>\n\n\n\n<p><\/p>\n\n\n\n<p><\/p>\n\n\n\n<p><\/p>\n\n\n\n<p><\/p>\n\n\n\n<p><\/p>\n\n\n\n<p><\/p>\n\n\n\n<p><\/p>\n\n\n\n<p><\/p>\n\n\n\n<p><\/p>\n\n\n\n<p><\/p>\n\n\n\n<p><\/p>\n\n\n\n<p><\/p>\n","protected":false},"excerpt":{"rendered":"<p>Hello c\u00e1c b\u1ea1n, \u0111\u00e2y l\u00e0 1 tab m\u1edbi s\u1ebd release trong t\u01b0\u01a1ng lai ch\u1ee9 b\u00e2y gi\u1edd ch\u01b0a c\u00f3 \u0111\u00e2u :3, C\u00e1m \u01a1n c\u00e1c b\u1ea1n \u0111\u00e3 quan t\u00e2m m\u1eb7c d\u00f9 b\u1ecdn m\u00ecnh kh\u00f4ng qu\u1ea3ng c\u00e1o =]] h\u00e0ng v\u1ec1 1 h\u00e0ng v\u1ec1 4 h\u00e0ng v\u1ec1 2 h\u00e0ng v\u1ec1 5 h\u00e0ng v\u1ec1 3 h\u00e0ng v\u1ec1 6<\/p>\n","protected":false},"author":1,"featured_media":0,"parent":0,"menu_order":0,"comment_status":"closed","ping_status":"closed","template":"","meta":{"footnotes":""},"_links":{"self":[{"href":"https:\/\/hackemall.live\/index.php\/wp-json\/wp\/v2\/pages\/676"}],"collection":[{"href":"https:\/\/hackemall.live\/index.php\/wp-json\/wp\/v2\/pages"}],"about":[{"href":"https:\/\/hackemall.live\/index.php\/wp-json\/wp\/v2\/types\/page"}],"author":[{"embeddable":true,"href":"https:\/\/hackemall.live\/index.php\/wp-json\/wp\/v2\/users\/1"}],"replies":[{"embeddable":true,"href":"https:\/\/hackemall.live\/index.php\/wp-json\/wp\/v2\/comments?post=676"}],"version-history":[{"count":67,"href":"https:\/\/hackemall.live\/index.php\/wp-json\/wp\/v2\/pages\/676\/revisions"}],"predecessor-version":[{"id":745,"href":"https:\/\/hackemall.live\/index.php\/wp-json\/wp\/v2\/pages\/676\/revisions\/745"}],"wp:attachment":[{"href":"https:\/\/hackemall.live\/index.php\/wp-json\/wp\/v2\/media?parent=676"}],"curies":[{"name":"wp","href":"https:\/\/api.w.org\/{rel}","templated":true}]}}